{"id":107,"date":"2025-06-18T19:43:59","date_gmt":"2025-06-18T18:43:59","guid":{"rendered":"http:\/\/linneenne-amiens.org\/?page_id=107"},"modified":"2025-07-10T11:22:03","modified_gmt":"2025-07-10T10:22:03","slug":"telechargements","status":"publish","type":"page","link":"https:\/\/www.linneenne-amiens.org\/?page_id=107","title":{"rendered":"T\u00e9l\u00e9chargements"},"content":{"rendered":"\n<div class=\"wp-block-columns is-layout-flex wp-container-core-columns-is-layout-9d6595d7 wp-block-columns-is-layout-flex\">\n<div class=\"wp-block-column is-layout-flow wp-block-column-is-layout-flow\" style=\"flex-basis:100%\"><ul class=\"wp-block-latest-posts__list has-dates wp-block-latest-posts has-medium-font-size\"><li><div class=\"wp-block-latest-posts__featured-image alignleft\"><img loading=\"lazy\" decoding=\"async\" width=\"212\" height=\"300\" src=\"https:\/\/www.linneenne-amiens.org\/wp-content\/uploads\/2026\/04\/agenda_202904-02-212x300.png\" class=\"attachment-medium size-medium wp-post-image\" alt=\"\" style=\"\" srcset=\"https:\/\/www.linneenne-amiens.org\/wp-content\/uploads\/2026\/04\/agenda_202904-02-212x300.png 212w, https:\/\/www.linneenne-amiens.org\/wp-content\/uploads\/2026\/04\/agenda_202904-02-724x1024.png 724w, https:\/\/www.linneenne-amiens.org\/wp-content\/uploads\/2026\/04\/agenda_202904-02-768x1087.png 768w, https:\/\/www.linneenne-amiens.org\/wp-content\/uploads\/2026\/04\/agenda_202904-02-1085x1536.png 1085w, https:\/\/www.linneenne-amiens.org\/wp-content\/uploads\/2026\/04\/agenda_202904-02.png 1366w\" sizes=\"auto, (max-width: 212px) 100vw, 212px\" \/><\/div><a class=\"wp-block-latest-posts__post-title\" href=\"https:\/\/www.linneenne-amiens.org\/?p=3276\">Programme d\u2019activit\u00e9 du premier semestre 2026<\/a><time datetime=\"2026-04-12T09:23:49+02:00\" class=\"wp-block-latest-posts__post-date\">12 avril, 2026<\/time><div class=\"wp-block-latest-posts__post-excerpt\">En raison d&rsquo;un probl\u00e8me technique des services openagenda. Veuillez retrouvez notre agenda en t\u00e9l\u00e9chargement ici : Retrouvez \u00e9galement tous les programmes dans la rubrique T\u00e9l\u00e9chargements<\/div><\/li>\n<li><div class=\"wp-block-latest-posts__featured-image alignleft\"><img loading=\"lazy\" decoding=\"async\" width=\"300\" height=\"204\" src=\"https:\/\/www.linneenne-amiens.org\/wp-content\/uploads\/2025\/07\/Capture-decran-du-2025-07-16-10-27-13-300x204.png\" class=\"attachment-medium size-medium wp-post-image\" alt=\"\" style=\"\" srcset=\"https:\/\/www.linneenne-amiens.org\/wp-content\/uploads\/2025\/07\/Capture-decran-du-2025-07-16-10-27-13-300x204.png 300w, https:\/\/www.linneenne-amiens.org\/wp-content\/uploads\/2025\/07\/Capture-decran-du-2025-07-16-10-27-13-768x523.png 768w, https:\/\/www.linneenne-amiens.org\/wp-content\/uploads\/2025\/07\/Capture-decran-du-2025-07-16-10-27-13.png 835w\" sizes=\"auto, (max-width: 300px) 100vw, 300px\" \/><\/div><a class=\"wp-block-latest-posts__post-title\" href=\"https:\/\/www.linneenne-amiens.org\/?p=3036\">Programme d&rsquo;activit\u00e9 du second semestre 2025<\/a><time datetime=\"2025-07-16T09:29:01+02:00\" class=\"wp-block-latest-posts__post-date\">16 juillet, 2025<\/time><div class=\"wp-block-latest-posts__post-excerpt\">Bonjour \u00e0 tous, Le programme pour la seconde partie de l&rsquo;ann\u00e9e 2025 est d\u00e8s \u00e0 pr\u00e9sent disponible en t\u00e9l\u00e9chargement. Vous pouvez \u00e9galement retrouver tous les programmes dans la rubrique T\u00e9l\u00e9chargements<\/div><\/li>\n<li><div class=\"wp-block-latest-posts__featured-image alignleft\"><img loading=\"lazy\" decoding=\"async\" width=\"300\" height=\"123\" src=\"https:\/\/www.linneenne-amiens.org\/wp-content\/uploads\/2025\/07\/Capture-decran-du-2025-07-10-12-49-10-300x123.png\" class=\"attachment-medium size-medium wp-post-image\" alt=\"\" style=\"\" srcset=\"https:\/\/www.linneenne-amiens.org\/wp-content\/uploads\/2025\/07\/Capture-decran-du-2025-07-10-12-49-10-300x123.png 300w, https:\/\/www.linneenne-amiens.org\/wp-content\/uploads\/2025\/07\/Capture-decran-du-2025-07-10-12-49-10-768x314.png 768w, https:\/\/www.linneenne-amiens.org\/wp-content\/uploads\/2025\/07\/Capture-decran-du-2025-07-10-12-49-10.png 890w\" sizes=\"auto, (max-width: 300px) 100vw, 300px\" \/><\/div><a class=\"wp-block-latest-posts__post-title\" href=\"https:\/\/www.linneenne-amiens.org\/?p=3028\">Le dernier bulletin volume 40-41 (2022 &#8211; 2023) est disponible !!!<\/a><time datetime=\"2025-07-10T11:47:10+02:00\" class=\"wp-block-latest-posts__post-date\">10 juillet, 2025<\/time><div class=\"wp-block-latest-posts__post-excerpt\">Retrouvez l&rsquo;int\u00e9gralit\u00e9 des bulletins ici : Les bulletins<\/div><\/li>\n<li><div class=\"wp-block-latest-posts__featured-image alignleft\"><img loading=\"lazy\" decoding=\"async\" width=\"300\" height=\"240\" src=\"https:\/\/www.linneenne-amiens.org\/wp-content\/uploads\/2019\/10\/2013-C\u00e9vennes-Criquet-de-laigoual-chorthippus-binotatus-algoaldensisxx-300x240.jpg\" class=\"attachment-medium size-medium wp-post-image\" alt=\"\" style=\"\" srcset=\"https:\/\/www.linneenne-amiens.org\/wp-content\/uploads\/2019\/10\/2013-C\u00e9vennes-Criquet-de-laigoual-chorthippus-binotatus-algoaldensisxx-300x240.jpg 300w, https:\/\/www.linneenne-amiens.org\/wp-content\/uploads\/2019\/10\/2013-C\u00e9vennes-Criquet-de-laigoual-chorthippus-binotatus-algoaldensisxx-768x616.jpg 768w, https:\/\/www.linneenne-amiens.org\/wp-content\/uploads\/2019\/10\/2013-C\u00e9vennes-Criquet-de-laigoual-chorthippus-binotatus-algoaldensisxx-1024x821.jpg 1024w, https:\/\/www.linneenne-amiens.org\/wp-content\/uploads\/2019\/10\/2013-C\u00e9vennes-Criquet-de-laigoual-chorthippus-binotatus-algoaldensisxx.jpg 1108w\" sizes=\"auto, (max-width: 300px) 100vw, 300px\" \/><\/div><a class=\"wp-block-latest-posts__post-title\" href=\"https:\/\/www.linneenne-amiens.org\/?p=2956\">T\u00e9l\u00e9chargez tous les programmes !!! Les programmes de la Soci\u00e9t\u00e9 linn\u00e9enne Nord-Picardie disponibles en ligne !<\/a><time datetime=\"2025-01-01T09:05:59+01:00\" class=\"wp-block-latest-posts__post-date\">1 janvier, 2025<\/time><div class=\"wp-block-latest-posts__post-excerpt\">Dans cette rubrique il vous est possible de consulter tous les programmes de la SLNP en ligne et m\u00eame de les t\u00e9l\u00e9charger gratuitement en un clic ! T\u00e9l\u00e9chargez le dernier programme ! Programme 2025 &#8211; second semestre Programme 2025 &#8211; premier semestre Anciens programmes Programme 2009 &#8211; premier semestre Programme 2009 &#8211; deuxi\u00e8me semestre Programme <a class=\"more-link\" href=\"https:\/\/www.linneenne-amiens.org\/?p=2956\">Continuer la lecture \u2192<\/a><\/div><\/li>\n<li><div class=\"wp-block-latest-posts__featured-image alignleft\"><img loading=\"lazy\" decoding=\"async\" width=\"300\" height=\"133\" src=\"https:\/\/www.linneenne-amiens.org\/wp-content\/uploads\/2025\/06\/Capture-decran-du-2025-06-22-11-48-37-300x133.png\" class=\"attachment-medium size-medium wp-post-image\" alt=\"\" style=\"\" srcset=\"https:\/\/www.linneenne-amiens.org\/wp-content\/uploads\/2025\/06\/Capture-decran-du-2025-06-22-11-48-37-300x133.png 300w, https:\/\/www.linneenne-amiens.org\/wp-content\/uploads\/2025\/06\/Capture-decran-du-2025-06-22-11-48-37.png 686w\" sizes=\"auto, (max-width: 300px) 100vw, 300px\" \/><\/div><a class=\"wp-block-latest-posts__post-title\" href=\"https:\/\/www.linneenne-amiens.org\/?p=2953\">T\u00e9l\u00e9chargez tous les bulletins<\/a><time datetime=\"2025-01-01T09:03:00+01:00\" class=\"wp-block-latest-posts__post-date\">1 janvier, 2025<\/time><div class=\"wp-block-latest-posts__post-excerpt\">Les bulletins de la Soci\u00e9t\u00e9 linn\u00e9enne Nord-Picardie disponibles en ligne ! Dans cette rubrique il vous est possible de consulter les anciens bulletins de la SLNP en ligne et m\u00eame de les t\u00e9l\u00e9charger gratuitement en un clic ! Bulletins de la Soci\u00e9t\u00e9 linn\u00e9enne Nord-Picardie Ann\u00e9e 1970 volume 1 Ann\u00e9e 1980 volume 2 Ann\u00e9e 1982 volume <a class=\"more-link\" href=\"https:\/\/www.linneenne-amiens.org\/?p=2953\">Continuer la lecture \u2192<\/a><\/div><\/li>\n<\/ul><\/div>\n<\/div>\n","protected":false},"excerpt":{"rendered":"","protected":false},"author":1,"featured_media":0,"parent":0,"menu_order":0,"comment_status":"closed","ping_status":"closed","template":"","meta":{"footnotes":""},"class_list":["post-107","page","type-page","status-publish","hentry"],"yoast_head":"<!-- This site is optimized with the Yoast SEO plugin v27.5 - https:\/\/yoast.com\/product\/yoast-seo-wordpress\/ -->\n<title>T\u00e9l\u00e9chargements - Soci\u00e9t\u00e9 linn\u00e9enne Nord-Picardie<\/title>\n<meta name=\"robots\" content=\"index, follow, max-snippet:-1, max-image-preview:large, max-video-preview:-1\" \/>\n<link rel=\"canonical\" href=\"https:\/\/www.linneenne-amiens.org\/?page_id=107\" \/>\n<meta property=\"og:locale\" content=\"fr_FR\" \/>\n<meta property=\"og:type\" content=\"article\" \/>\n<meta property=\"og:title\" content=\"T\u00e9l\u00e9chargements - Soci\u00e9t\u00e9 linn\u00e9enne Nord-Picardie\" \/>\n<meta property=\"og:url\" content=\"https:\/\/www.linneenne-amiens.org\/?page_id=107\" \/>\n<meta property=\"og:site_name\" content=\"Soci\u00e9t\u00e9 linn\u00e9enne Nord-Picardie\" \/>\n<meta property=\"article:publisher\" content=\"https:\/\/www.facebook.com\/slnp80\" \/>\n<meta property=\"article:modified_time\" content=\"2025-07-10T10:22:03+00:00\" \/>\n<script type=\"application\/ld+json\" class=\"yoast-schema-graph\">{\"@context\":\"https:\\\/\\\/schema.org\",\"@graph\":[{\"@type\":\"WebPage\",\"@id\":\"https:\\\/\\\/www.linneenne-amiens.org\\\/?page_id=107\",\"url\":\"https:\\\/\\\/www.linneenne-amiens.org\\\/?page_id=107\",\"name\":\"T\u00e9l\u00e9chargements - Soci\u00e9t\u00e9 linn\u00e9enne Nord-Picardie\",\"isPartOf\":{\"@id\":\"https:\\\/\\\/www.linneenne-amiens.org\\\/#website\"},\"datePublished\":\"2025-06-18T18:43:59+00:00\",\"dateModified\":\"2025-07-10T10:22:03+00:00\",\"breadcrumb\":{\"@id\":\"https:\\\/\\\/www.linneenne-amiens.org\\\/?page_id=107#breadcrumb\"},\"inLanguage\":\"fr-FR\",\"potentialAction\":[{\"@type\":\"ReadAction\",\"target\":[\"https:\\\/\\\/www.linneenne-amiens.org\\\/?page_id=107\"]}]},{\"@type\":\"BreadcrumbList\",\"@id\":\"https:\\\/\\\/www.linneenne-amiens.org\\\/?page_id=107#breadcrumb\",\"itemListElement\":[{\"@type\":\"ListItem\",\"position\":1,\"name\":\"Accueil\",\"item\":\"https:\\\/\\\/www.linneenne-amiens.org\\\/\"},{\"@type\":\"ListItem\",\"position\":2,\"name\":\"T\u00e9l\u00e9chargements\"}]},{\"@type\":\"WebSite\",\"@id\":\"https:\\\/\\\/www.linneenne-amiens.org\\\/#website\",\"url\":\"https:\\\/\\\/www.linneenne-amiens.org\\\/\",\"name\":\"Soci\u00e9t\u00e9 Linn\u00e9enne Nord-Picardie\",\"description\":\"A la d\u00e9couverte des sciences de la nature !\",\"publisher\":{\"@id\":\"https:\\\/\\\/www.linneenne-amiens.org\\\/#organization\"},\"potentialAction\":[{\"@type\":\"SearchAction\",\"target\":{\"@type\":\"EntryPoint\",\"urlTemplate\":\"https:\\\/\\\/www.linneenne-amiens.org\\\/?s={search_term_string}\"},\"query-input\":{\"@type\":\"PropertyValueSpecification\",\"valueRequired\":true,\"valueName\":\"search_term_string\"}}],\"inLanguage\":\"fr-FR\"},{\"@type\":\"Organization\",\"@id\":\"https:\\\/\\\/www.linneenne-amiens.org\\\/#organization\",\"name\":\"Soci\u00e9t\u00e9 Linn\u00e9enne Nord-Picardie\",\"url\":\"https:\\\/\\\/www.linneenne-amiens.org\\\/\",\"logo\":{\"@type\":\"ImageObject\",\"inLanguage\":\"fr-FR\",\"@id\":\"https:\\\/\\\/www.linneenne-amiens.org\\\/#\\\/schema\\\/logo\\\/image\\\/\",\"url\":\"https:\\\/\\\/www.linneenne-amiens.org\\\/wp-content\\\/uploads\\\/2025\\\/07\\\/cropped-logo-entete.png\",\"contentUrl\":\"https:\\\/\\\/www.linneenne-amiens.org\\\/wp-content\\\/uploads\\\/2025\\\/07\\\/cropped-logo-entete.png\",\"width\":128,\"height\":113,\"caption\":\"Soci\u00e9t\u00e9 Linn\u00e9enne Nord-Picardie\"},\"image\":{\"@id\":\"https:\\\/\\\/www.linneenne-amiens.org\\\/#\\\/schema\\\/logo\\\/image\\\/\"},\"sameAs\":[\"https:\\\/\\\/www.facebook.com\\\/slnp80\"]}]}<\/script>\n<!-- \/ Yoast SEO plugin. -->","yoast_head_json":{"title":"T\u00e9l\u00e9chargements - Soci\u00e9t\u00e9 linn\u00e9enne Nord-Picardie","robots":{"index":"index","follow":"follow","max-snippet":"max-snippet:-1","max-image-preview":"max-image-preview:large","max-video-preview":"max-video-preview:-1"},"canonical":"https:\/\/www.linneenne-amiens.org\/?page_id=107","og_locale":"fr_FR","og_type":"article","og_title":"T\u00e9l\u00e9chargements - Soci\u00e9t\u00e9 linn\u00e9enne Nord-Picardie","og_url":"https:\/\/www.linneenne-amiens.org\/?page_id=107","og_site_name":"Soci\u00e9t\u00e9 linn\u00e9enne Nord-Picardie","article_publisher":"https:\/\/www.facebook.com\/slnp80","article_modified_time":"2025-07-10T10:22:03+00:00","schema":{"@context":"https:\/\/schema.org","@graph":[{"@type":"WebPage","@id":"https:\/\/www.linneenne-amiens.org\/?page_id=107","url":"https:\/\/www.linneenne-amiens.org\/?page_id=107","name":"T\u00e9l\u00e9chargements - Soci\u00e9t\u00e9 linn\u00e9enne Nord-Picardie","isPartOf":{"@id":"https:\/\/www.linneenne-amiens.org\/#website"},"datePublished":"2025-06-18T18:43:59+00:00","dateModified":"2025-07-10T10:22:03+00:00","breadcrumb":{"@id":"https:\/\/www.linneenne-amiens.org\/?page_id=107#breadcrumb"},"inLanguage":"fr-FR","potentialAction":[{"@type":"ReadAction","target":["https:\/\/www.linneenne-amiens.org\/?page_id=107"]}]},{"@type":"BreadcrumbList","@id":"https:\/\/www.linneenne-amiens.org\/?page_id=107#breadcrumb","itemListElement":[{"@type":"ListItem","position":1,"name":"Accueil","item":"https:\/\/www.linneenne-amiens.org\/"},{"@type":"ListItem","position":2,"name":"T\u00e9l\u00e9chargements"}]},{"@type":"WebSite","@id":"https:\/\/www.linneenne-amiens.org\/#website","url":"https:\/\/www.linneenne-amiens.org\/","name":"Soci\u00e9t\u00e9 Linn\u00e9enne Nord-Picardie","description":"A la d\u00e9couverte des sciences de la nature !","publisher":{"@id":"https:\/\/www.linneenne-amiens.org\/#organization"},"potentialAction":[{"@type":"SearchAction","target":{"@type":"EntryPoint","urlTemplate":"https:\/\/www.linneenne-amiens.org\/?s={search_term_string}"},"query-input":{"@type":"PropertyValueSpecification","valueRequired":true,"valueName":"search_term_string"}}],"inLanguage":"fr-FR"},{"@type":"Organization","@id":"https:\/\/www.linneenne-amiens.org\/#organization","name":"Soci\u00e9t\u00e9 Linn\u00e9enne Nord-Picardie","url":"https:\/\/www.linneenne-amiens.org\/","logo":{"@type":"ImageObject","inLanguage":"fr-FR","@id":"https:\/\/www.linneenne-amiens.org\/#\/schema\/logo\/image\/","url":"https:\/\/www.linneenne-amiens.org\/wp-content\/uploads\/2025\/07\/cropped-logo-entete.png","contentUrl":"https:\/\/www.linneenne-amiens.org\/wp-content\/uploads\/2025\/07\/cropped-logo-entete.png","width":128,"height":113,"caption":"Soci\u00e9t\u00e9 Linn\u00e9enne Nord-Picardie"},"image":{"@id":"https:\/\/www.linneenne-amiens.org\/#\/schema\/logo\/image\/"},"sameAs":["https:\/\/www.facebook.com\/slnp80"]}]}},"_links":{"self":[{"href":"https:\/\/www.linneenne-amiens.org\/index.php?rest_route=\/wp\/v2\/pages\/107","targetHints":{"allow":["GET"]}}],"collection":[{"href":"https:\/\/www.linneenne-amiens.org\/index.php?rest_route=\/wp\/v2\/pages"}],"about":[{"href":"https:\/\/www.linneenne-amiens.org\/index.php?rest_route=\/wp\/v2\/types\/page"}],"author":[{"embeddable":true,"href":"https:\/\/www.linneenne-amiens.org\/index.php?rest_route=\/wp\/v2\/users\/1"}],"replies":[{"embeddable":true,"href":"https:\/\/www.linneenne-amiens.org\/index.php?rest_route=%2Fwp%2Fv2%2Fcomments&post=107"}],"version-history":[{"count":14,"href":"https:\/\/www.linneenne-amiens.org\/index.php?rest_route=\/wp\/v2\/pages\/107\/revisions"}],"predecessor-version":[{"id":2987,"href":"https:\/\/www.linneenne-amiens.org\/index.php?rest_route=\/wp\/v2\/pages\/107\/revisions\/2987"}],"wp:attachment":[{"href":"https:\/\/www.linneenne-amiens.org\/index.php?rest_route=%2Fwp%2Fv2%2Fmedia&parent=107"}],"curies":[{"name":"wp","href":"https:\/\/api.w.org\/{rel}","templated":true}]}}