{"id":234,"date":"2025-06-18T19:43:56","date_gmt":"2025-06-18T18:43:56","guid":{"rendered":"http:\/\/linneenne-amiens.org\/?page_id=234"},"modified":"2026-02-10T14:03:52","modified_gmt":"2026-02-10T13:03:52","slug":"adherer","status":"publish","type":"page","link":"https:\/\/www.linneenne-amiens.org\/?page_id=234","title":{"rendered":"Adh\u00e9rer"},"content":{"rendered":"<h2>Pour adh\u00e9rer, deux solutions :<\/h2>\n<ul>\n<li>t\u00e9l\u00e9chargez le formulaire au format pdf et envoyez-le nous par courrier ou par mail (slnp80@gmail.com) accompagn\u00e9 de votre paiement !<\/li>\n<li>optez pour le paiement par carte bleue directtement sur le site HELLOASSO =&gt; <a href=\"https:\/\/www.helloasso.com\/associations\/societe-linneenne-nord-picardie\/adhesions\/cotisation-adhesion-janvier-decembre-2026\">ici<\/a><\/li>\n<\/ul>\n\n\n<div data-wp-interactive=\"core\/file\" class=\"wp-block-file\"><object data-wp-bind--hidden=\"!state.hasPdfPreview\" hidden class=\"wp-block-file__embed\" data=\"https:\/\/www.linneenne-amiens.org\/wp-content\/uploads\/2026\/02\/2026_bulletin-adhesion.pdf\" type=\"application\/pdf\" style=\"width:100%;height:413px\" aria-label=\"Contenu embarqu\u00e9 2026_bulletin adhesion.\"><\/object><a id=\"wp-block-file--media-f234c92c-d20e-4150-a228-9a9a21b32f4f\" href=\"https:\/\/www.linneenne-amiens.org\/wp-content\/uploads\/2026\/02\/2026_bulletin-adhesion.pdf\" target=\"_blank\" rel=\"noreferrer noopener\">2026_bulletin adhesion<\/a><a href=\"https:\/\/www.linneenne-amiens.org\/wp-content\/uploads\/2026\/02\/2026_bulletin-adhesion.pdf\" class=\"wp-block-file__button wp-element-button\" download aria-describedby=\"wp-block-file--media-f234c92c-d20e-4150-a228-9a9a21b32f4f\">T\u00e9l\u00e9charger<\/a><\/div>\n\n\n\n<hr class=\"wp-block-separator has-alpha-channel-opacity\"\/>\n","protected":false},"excerpt":{"rendered":"<p>Pour adh\u00e9rer, deux solutions : t\u00e9l\u00e9chargez le formulaire au format pdf et envoyez-le nous par courrier ou par mail (slnp80@gmail.com) accompagn\u00e9 de votre paiement ! optez pour le paiement par <a class=\"more-link\" href=\"https:\/\/www.linneenne-amiens.org\/?page_id=234\">Continuer la lecture \u2192<\/a><\/p>\n","protected":false},"author":1,"featured_media":0,"parent":0,"menu_order":0,"comment_status":"closed","ping_status":"closed","template":"","meta":{"footnotes":""},"class_list":["post-234","page","type-page","status-publish","hentry"],"yoast_head":"<!-- This site is optimized with the Yoast SEO plugin v27.5 - https:\/\/yoast.com\/product\/yoast-seo-wordpress\/ -->\n<title>Adh\u00e9rer - Soci\u00e9t\u00e9 linn\u00e9enne Nord-Picardie<\/title>\n<meta name=\"robots\" content=\"index, follow, max-snippet:-1, max-image-preview:large, max-video-preview:-1\" \/>\n<link rel=\"canonical\" href=\"https:\/\/www.linneenne-amiens.org\/?page_id=234\" \/>\n<meta property=\"og:locale\" content=\"fr_FR\" \/>\n<meta property=\"og:type\" content=\"article\" \/>\n<meta property=\"og:title\" content=\"Adh\u00e9rer - Soci\u00e9t\u00e9 linn\u00e9enne Nord-Picardie\" \/>\n<meta property=\"og:description\" content=\"Pour adh\u00e9rer, deux solutions : t\u00e9l\u00e9chargez le formulaire au format pdf et envoyez-le nous par courrier ou par mail (slnp80@gmail.com) accompagn\u00e9 de votre paiement ! optez pour le paiement par Continuer la lecture \u2192\" \/>\n<meta property=\"og:url\" content=\"https:\/\/www.linneenne-amiens.org\/?page_id=234\" \/>\n<meta property=\"og:site_name\" content=\"Soci\u00e9t\u00e9 linn\u00e9enne Nord-Picardie\" \/>\n<meta property=\"article:publisher\" content=\"https:\/\/www.facebook.com\/slnp80\" \/>\n<meta property=\"article:modified_time\" content=\"2026-02-10T13:03:52+00:00\" \/>\n<meta name=\"twitter:label1\" content=\"Dur\u00e9e de lecture estim\u00e9e\" \/>\n\t<meta name=\"twitter:data1\" content=\"1 minute\" \/>\n<script type=\"application\/ld+json\" class=\"yoast-schema-graph\">{\"@context\":\"https:\\\/\\\/schema.org\",\"@graph\":[{\"@type\":\"WebPage\",\"@id\":\"https:\\\/\\\/www.linneenne-amiens.org\\\/?page_id=234\",\"url\":\"https:\\\/\\\/www.linneenne-amiens.org\\\/?page_id=234\",\"name\":\"Adh\u00e9rer - Soci\u00e9t\u00e9 linn\u00e9enne Nord-Picardie\",\"isPartOf\":{\"@id\":\"https:\\\/\\\/www.linneenne-amiens.org\\\/#website\"},\"datePublished\":\"2025-06-18T18:43:56+00:00\",\"dateModified\":\"2026-02-10T13:03:52+00:00\",\"breadcrumb\":{\"@id\":\"https:\\\/\\\/www.linneenne-amiens.org\\\/?page_id=234#breadcrumb\"},\"inLanguage\":\"fr-FR\",\"potentialAction\":[{\"@type\":\"ReadAction\",\"target\":[\"https:\\\/\\\/www.linneenne-amiens.org\\\/?page_id=234\"]}]},{\"@type\":\"BreadcrumbList\",\"@id\":\"https:\\\/\\\/www.linneenne-amiens.org\\\/?page_id=234#breadcrumb\",\"itemListElement\":[{\"@type\":\"ListItem\",\"position\":1,\"name\":\"Accueil\",\"item\":\"https:\\\/\\\/www.linneenne-amiens.org\\\/\"},{\"@type\":\"ListItem\",\"position\":2,\"name\":\"Adh\u00e9rer\"}]},{\"@type\":\"WebSite\",\"@id\":\"https:\\\/\\\/www.linneenne-amiens.org\\\/#website\",\"url\":\"https:\\\/\\\/www.linneenne-amiens.org\\\/\",\"name\":\"Soci\u00e9t\u00e9 Linn\u00e9enne Nord-Picardie\",\"description\":\"A la d\u00e9couverte des sciences de la nature !\",\"publisher\":{\"@id\":\"https:\\\/\\\/www.linneenne-amiens.org\\\/#organization\"},\"potentialAction\":[{\"@type\":\"SearchAction\",\"target\":{\"@type\":\"EntryPoint\",\"urlTemplate\":\"https:\\\/\\\/www.linneenne-amiens.org\\\/?s={search_term_string}\"},\"query-input\":{\"@type\":\"PropertyValueSpecification\",\"valueRequired\":true,\"valueName\":\"search_term_string\"}}],\"inLanguage\":\"fr-FR\"},{\"@type\":\"Organization\",\"@id\":\"https:\\\/\\\/www.linneenne-amiens.org\\\/#organization\",\"name\":\"Soci\u00e9t\u00e9 Linn\u00e9enne Nord-Picardie\",\"url\":\"https:\\\/\\\/www.linneenne-amiens.org\\\/\",\"logo\":{\"@type\":\"ImageObject\",\"inLanguage\":\"fr-FR\",\"@id\":\"https:\\\/\\\/www.linneenne-amiens.org\\\/#\\\/schema\\\/logo\\\/image\\\/\",\"url\":\"https:\\\/\\\/www.linneenne-amiens.org\\\/wp-content\\\/uploads\\\/2025\\\/07\\\/cropped-logo-entete.png\",\"contentUrl\":\"https:\\\/\\\/www.linneenne-amiens.org\\\/wp-content\\\/uploads\\\/2025\\\/07\\\/cropped-logo-entete.png\",\"width\":128,\"height\":113,\"caption\":\"Soci\u00e9t\u00e9 Linn\u00e9enne Nord-Picardie\"},\"image\":{\"@id\":\"https:\\\/\\\/www.linneenne-amiens.org\\\/#\\\/schema\\\/logo\\\/image\\\/\"},\"sameAs\":[\"https:\\\/\\\/www.facebook.com\\\/slnp80\"]}]}<\/script>\n<!-- \/ Yoast SEO plugin. -->","yoast_head_json":{"title":"Adh\u00e9rer - Soci\u00e9t\u00e9 linn\u00e9enne Nord-Picardie","robots":{"index":"index","follow":"follow","max-snippet":"max-snippet:-1","max-image-preview":"max-image-preview:large","max-video-preview":"max-video-preview:-1"},"canonical":"https:\/\/www.linneenne-amiens.org\/?page_id=234","og_locale":"fr_FR","og_type":"article","og_title":"Adh\u00e9rer - Soci\u00e9t\u00e9 linn\u00e9enne Nord-Picardie","og_description":"Pour adh\u00e9rer, deux solutions : t\u00e9l\u00e9chargez le formulaire au format pdf et envoyez-le nous par courrier ou par mail (slnp80@gmail.com) accompagn\u00e9 de votre paiement ! optez pour le paiement par Continuer la lecture \u2192","og_url":"https:\/\/www.linneenne-amiens.org\/?page_id=234","og_site_name":"Soci\u00e9t\u00e9 linn\u00e9enne Nord-Picardie","article_publisher":"https:\/\/www.facebook.com\/slnp80","article_modified_time":"2026-02-10T13:03:52+00:00","twitter_misc":{"Dur\u00e9e de lecture estim\u00e9e":"1 minute"},"schema":{"@context":"https:\/\/schema.org","@graph":[{"@type":"WebPage","@id":"https:\/\/www.linneenne-amiens.org\/?page_id=234","url":"https:\/\/www.linneenne-amiens.org\/?page_id=234","name":"Adh\u00e9rer - Soci\u00e9t\u00e9 linn\u00e9enne Nord-Picardie","isPartOf":{"@id":"https:\/\/www.linneenne-amiens.org\/#website"},"datePublished":"2025-06-18T18:43:56+00:00","dateModified":"2026-02-10T13:03:52+00:00","breadcrumb":{"@id":"https:\/\/www.linneenne-amiens.org\/?page_id=234#breadcrumb"},"inLanguage":"fr-FR","potentialAction":[{"@type":"ReadAction","target":["https:\/\/www.linneenne-amiens.org\/?page_id=234"]}]},{"@type":"BreadcrumbList","@id":"https:\/\/www.linneenne-amiens.org\/?page_id=234#breadcrumb","itemListElement":[{"@type":"ListItem","position":1,"name":"Accueil","item":"https:\/\/www.linneenne-amiens.org\/"},{"@type":"ListItem","position":2,"name":"Adh\u00e9rer"}]},{"@type":"WebSite","@id":"https:\/\/www.linneenne-amiens.org\/#website","url":"https:\/\/www.linneenne-amiens.org\/","name":"Soci\u00e9t\u00e9 Linn\u00e9enne Nord-Picardie","description":"A la d\u00e9couverte des sciences de la nature !","publisher":{"@id":"https:\/\/www.linneenne-amiens.org\/#organization"},"potentialAction":[{"@type":"SearchAction","target":{"@type":"EntryPoint","urlTemplate":"https:\/\/www.linneenne-amiens.org\/?s={search_term_string}"},"query-input":{"@type":"PropertyValueSpecification","valueRequired":true,"valueName":"search_term_string"}}],"inLanguage":"fr-FR"},{"@type":"Organization","@id":"https:\/\/www.linneenne-amiens.org\/#organization","name":"Soci\u00e9t\u00e9 Linn\u00e9enne Nord-Picardie","url":"https:\/\/www.linneenne-amiens.org\/","logo":{"@type":"ImageObject","inLanguage":"fr-FR","@id":"https:\/\/www.linneenne-amiens.org\/#\/schema\/logo\/image\/","url":"https:\/\/www.linneenne-amiens.org\/wp-content\/uploads\/2025\/07\/cropped-logo-entete.png","contentUrl":"https:\/\/www.linneenne-amiens.org\/wp-content\/uploads\/2025\/07\/cropped-logo-entete.png","width":128,"height":113,"caption":"Soci\u00e9t\u00e9 Linn\u00e9enne Nord-Picardie"},"image":{"@id":"https:\/\/www.linneenne-amiens.org\/#\/schema\/logo\/image\/"},"sameAs":["https:\/\/www.facebook.com\/slnp80"]}]}},"_links":{"self":[{"href":"https:\/\/www.linneenne-amiens.org\/index.php?rest_route=\/wp\/v2\/pages\/234","targetHints":{"allow":["GET"]}}],"collection":[{"href":"https:\/\/www.linneenne-amiens.org\/index.php?rest_route=\/wp\/v2\/pages"}],"about":[{"href":"https:\/\/www.linneenne-amiens.org\/index.php?rest_route=\/wp\/v2\/types\/page"}],"author":[{"embeddable":true,"href":"https:\/\/www.linneenne-amiens.org\/index.php?rest_route=\/wp\/v2\/users\/1"}],"replies":[{"embeddable":true,"href":"https:\/\/www.linneenne-amiens.org\/index.php?rest_route=%2Fwp%2Fv2%2Fcomments&post=234"}],"version-history":[{"count":66,"href":"https:\/\/www.linneenne-amiens.org\/index.php?rest_route=\/wp\/v2\/pages\/234\/revisions"}],"predecessor-version":[{"id":3269,"href":"https:\/\/www.linneenne-amiens.org\/index.php?rest_route=\/wp\/v2\/pages\/234\/revisions\/3269"}],"wp:attachment":[{"href":"https:\/\/www.linneenne-amiens.org\/index.php?rest_route=%2Fwp%2Fv2%2Fmedia&parent=234"}],"curies":[{"name":"wp","href":"https:\/\/api.w.org\/{rel}","templated":true}]}}