{"id":3168,"date":"2025-09-24T11:19:17","date_gmt":"2025-09-24T09:19:17","guid":{"rendered":"https:\/\/www.linneenne-amiens.org\/?page_id=3168"},"modified":"2025-09-24T11:32:28","modified_gmt":"2025-09-24T09:32:28","slug":"bibliographie-mycologie","status":"publish","type":"page","link":"https:\/\/www.linneenne-amiens.org\/?page_id=3168","title":{"rendered":"Bibliographie &#8211; Mycologie"},"content":{"rendered":"\n<p>Retrouvez ici les diff\u00e9rents guides, livre de vulgarisation et livres pour enfants concernant la mycologie. <\/p>\n\n\n\n<h2 class=\"wp-block-heading\">Les guides<\/h2>\n\n\n\n<figure class=\"wp-block-gallery has-nested-images columns-default is-cropped wp-block-gallery-1 is-layout-flex wp-block-gallery-is-layout-flex\">\n<figure class=\"wp-block-image size-large\"><a href=\"https:\/\/www.linneenne-amiens.org\/wp-content\/uploads\/2025\/09\/en_vente_10euros_A-la-decouverte-des-champignons-Dauphine-Savoie.jpg\"><img loading=\"lazy\" decoding=\"async\" width=\"325\" height=\"512\" data-id=\"3167\" src=\"https:\/\/www.linneenne-amiens.org\/wp-content\/uploads\/2025\/09\/en_vente_10euros_A-la-decouverte-des-champignons-Dauphine-Savoie.jpg\" alt=\"\" class=\"wp-image-3167\" srcset=\"https:\/\/www.linneenne-amiens.org\/wp-content\/uploads\/2025\/09\/en_vente_10euros_A-la-decouverte-des-champignons-Dauphine-Savoie.jpg 325w, https:\/\/www.linneenne-amiens.org\/wp-content\/uploads\/2025\/09\/en_vente_10euros_A-la-decouverte-des-champignons-Dauphine-Savoie-190x300.jpg 190w\" sizes=\"auto, (max-width: 325px) 100vw, 325px\" \/><\/a><figcaption class=\"wp-element-caption\">A la d\u00e9couverte des champignons \u00e9dit\u00e9 par la f\u00e9d\u00e9ration mycologique Dauphin\u00e9-Savoie<\/figcaption><\/figure>\n\n\n\n<figure class=\"wp-block-image size-large\"><a href=\"https:\/\/www.linneenne-amiens.org\/wp-content\/uploads\/2025\/09\/guide-mycologique_Eyssartier_Le-guide-des-champignons-France-et-Europe.jpg\"><img loading=\"lazy\" decoding=\"async\" width=\"400\" height=\"643\" data-id=\"3161\" src=\"https:\/\/www.linneenne-amiens.org\/wp-content\/uploads\/2025\/09\/guide-mycologique_Eyssartier_Le-guide-des-champignons-France-et-Europe.jpg\" alt=\"\" class=\"wp-image-3161\" srcset=\"https:\/\/www.linneenne-amiens.org\/wp-content\/uploads\/2025\/09\/guide-mycologique_Eyssartier_Le-guide-des-champignons-France-et-Europe.jpg 400w, https:\/\/www.linneenne-amiens.org\/wp-content\/uploads\/2025\/09\/guide-mycologique_Eyssartier_Le-guide-des-champignons-France-et-Europe-187x300.jpg 187w\" sizes=\"auto, (max-width: 400px) 100vw, 400px\" \/><\/a><figcaption class=\"wp-element-caption\">Le guide des champignons France et Europe &#8211; Guillaume Eyssartier et Pierre Roux<\/figcaption><\/figure>\n\n\n\n<figure class=\"wp-block-image size-large\"><a href=\"https:\/\/www.linneenne-amiens.org\/wp-content\/uploads\/2025\/09\/guide-mycologique_Courtecuisse_champignons-de-France-et-d-Europe.jpg\"><img loading=\"lazy\" decoding=\"async\" width=\"367\" height=\"499\" data-id=\"3160\" src=\"https:\/\/www.linneenne-amiens.org\/wp-content\/uploads\/2025\/09\/guide-mycologique_Courtecuisse_champignons-de-France-et-d-Europe.jpg\" alt=\"\" class=\"wp-image-3160\" srcset=\"https:\/\/www.linneenne-amiens.org\/wp-content\/uploads\/2025\/09\/guide-mycologique_Courtecuisse_champignons-de-France-et-d-Europe.jpg 367w, https:\/\/www.linneenne-amiens.org\/wp-content\/uploads\/2025\/09\/guide-mycologique_Courtecuisse_champignons-de-France-et-d-Europe-221x300.jpg 221w\" sizes=\"auto, (max-width: 367px) 100vw, 367px\" \/><\/a><figcaption class=\"wp-element-caption\">Guide delachaux niestl\u00e9 &#8211; Champignons de France et d&rsquo;Europe &#8211; R\u00e9gis Courtecuisse et Bernard Duhem<\/figcaption><\/figure>\n\n\n\n<figure class=\"wp-block-image size-large\"><a href=\"https:\/\/www.linneenne-amiens.org\/wp-content\/uploads\/2025\/09\/guide-mycologique_Bon_Champignons-de-France-et-d-Europe-occidentale.jpg\"><img loading=\"lazy\" decoding=\"async\" width=\"400\" height=\"661\" data-id=\"3159\" src=\"https:\/\/www.linneenne-amiens.org\/wp-content\/uploads\/2025\/09\/guide-mycologique_Bon_Champignons-de-France-et-d-Europe-occidentale.jpg\" alt=\"\" class=\"wp-image-3159\" srcset=\"https:\/\/www.linneenne-amiens.org\/wp-content\/uploads\/2025\/09\/guide-mycologique_Bon_Champignons-de-France-et-d-Europe-occidentale.jpg 400w, https:\/\/www.linneenne-amiens.org\/wp-content\/uploads\/2025\/09\/guide-mycologique_Bon_Champignons-de-France-et-d-Europe-occidentale-182x300.jpg 182w\" sizes=\"auto, (max-width: 400px) 100vw, 400px\" \/><\/a><figcaption class=\"wp-element-caption\">Champignons de France et d&rsquo;Europe occidentale &#8211; Marcel Bon &#8211; Edition Flammarion<\/figcaption><\/figure>\n\n\n\n<figure class=\"wp-block-image size-large\"><a href=\"https:\/\/www.linneenne-amiens.org\/wp-content\/uploads\/2025\/09\/archives_Champignons-de-Nord-Picardie_Claus-Vast.jpg\"><img loading=\"lazy\" decoding=\"async\" width=\"587\" height=\"1024\" data-id=\"3158\" src=\"https:\/\/www.linneenne-amiens.org\/wp-content\/uploads\/2025\/09\/archives_Champignons-de-Nord-Picardie_Claus-Vast-587x1024.jpg\" alt=\"\" class=\"wp-image-3158\" srcset=\"https:\/\/www.linneenne-amiens.org\/wp-content\/uploads\/2025\/09\/archives_Champignons-de-Nord-Picardie_Claus-Vast-587x1024.jpg 587w, https:\/\/www.linneenne-amiens.org\/wp-content\/uploads\/2025\/09\/archives_Champignons-de-Nord-Picardie_Claus-Vast-172x300.jpg 172w, https:\/\/www.linneenne-amiens.org\/wp-content\/uploads\/2025\/09\/archives_Champignons-de-Nord-Picardie_Claus-Vast-768x1341.jpg 768w, https:\/\/www.linneenne-amiens.org\/wp-content\/uploads\/2025\/09\/archives_Champignons-de-Nord-Picardie_Claus-Vast-880x1536.jpg 880w, https:\/\/www.linneenne-amiens.org\/wp-content\/uploads\/2025\/09\/archives_Champignons-de-Nord-Picardie_Claus-Vast-1173x2048.jpg 1173w, https:\/\/www.linneenne-amiens.org\/wp-content\/uploads\/2025\/09\/archives_Champignons-de-Nord-Picardie_Claus-Vast.jpg 1456w\" sizes=\"auto, (max-width: 587px) 100vw, 587px\" \/><\/a><figcaption class=\"wp-element-caption\">Archive Champignons de Nord-Picardie &#8211; Guy Claus, Jacques Vast<\/figcaption><\/figure>\n<\/figure>\n\n\n\n<hr class=\"wp-block-separator has-alpha-channel-opacity\"\/>\n\n\n\n<h2 class=\"wp-block-heading\">Les livres de vulgarisation<\/h2>\n\n\n\n<figure class=\"wp-block-gallery has-nested-images columns-default is-cropped wp-block-gallery-2 is-layout-flex wp-block-gallery-is-layout-flex\">\n<figure class=\"wp-block-image size-large\"><a href=\"https:\/\/www.linneenne-amiens.org\/wp-content\/uploads\/2025\/09\/livre-de-vulgarisation_Tout-ce-que-vous-avez.LE-BLOB-sans-jamais-oser-le-demander-A.Dussutour.jpeg\"><img loading=\"lazy\" decoding=\"async\" width=\"336\" height=\"500\" data-id=\"3164\" src=\"https:\/\/www.linneenne-amiens.org\/wp-content\/uploads\/2025\/09\/livre-de-vulgarisation_Tout-ce-que-vous-avez.LE-BLOB-sans-jamais-oser-le-demander-A.Dussutour.jpeg\" alt=\"\" class=\"wp-image-3164\" srcset=\"https:\/\/www.linneenne-amiens.org\/wp-content\/uploads\/2025\/09\/livre-de-vulgarisation_Tout-ce-que-vous-avez.LE-BLOB-sans-jamais-oser-le-demander-A.Dussutour.jpeg 336w, https:\/\/www.linneenne-amiens.org\/wp-content\/uploads\/2025\/09\/livre-de-vulgarisation_Tout-ce-que-vous-avez.LE-BLOB-sans-jamais-oser-le-demander-A.Dussutour-202x300.jpeg 202w\" sizes=\"auto, (max-width: 336px) 100vw, 336px\" \/><\/a><figcaption class=\"wp-element-caption\">Tout ce que vous avez toujours voulu savoir sur le blob &#8211; Audrey Dussutour<\/figcaption><\/figure>\n\n\n\n<figure class=\"wp-block-image size-large\"><a href=\"https:\/\/www.linneenne-amiens.org\/wp-content\/uploads\/2025\/09\/livre-de-vulgarisation_MOI-LE-BLOB-A.Dussutour.jpeg\"><img loading=\"lazy\" decoding=\"async\" width=\"366\" height=\"535\" data-id=\"3163\" src=\"https:\/\/www.linneenne-amiens.org\/wp-content\/uploads\/2025\/09\/livre-de-vulgarisation_MOI-LE-BLOB-A.Dussutour.jpeg\" alt=\"\" class=\"wp-image-3163\" srcset=\"https:\/\/www.linneenne-amiens.org\/wp-content\/uploads\/2025\/09\/livre-de-vulgarisation_MOI-LE-BLOB-A.Dussutour.jpeg 366w, https:\/\/www.linneenne-amiens.org\/wp-content\/uploads\/2025\/09\/livre-de-vulgarisation_MOI-LE-BLOB-A.Dussutour-205x300.jpeg 205w\" sizes=\"auto, (max-width: 366px) 100vw, 366px\" \/><\/a><figcaption class=\"wp-element-caption\">Moi le blod &#8211; Audrey Dussutour<\/figcaption><\/figure>\n\n\n\n<figure class=\"wp-block-image size-large\"><a href=\"https:\/\/www.linneenne-amiens.org\/wp-content\/uploads\/2025\/09\/livre-de-vulgarisation_Les-champignons-redecouverts_Malagnac_Silar-scaled.jpg\"><img loading=\"lazy\" decoding=\"async\" width=\"683\" height=\"1024\" data-id=\"3162\" src=\"https:\/\/www.linneenne-amiens.org\/wp-content\/uploads\/2025\/09\/livre-de-vulgarisation_Les-champignons-redecouverts_Malagnac_Silar-683x1024.jpg\" alt=\"\" class=\"wp-image-3162\" srcset=\"https:\/\/www.linneenne-amiens.org\/wp-content\/uploads\/2025\/09\/livre-de-vulgarisation_Les-champignons-redecouverts_Malagnac_Silar-683x1024.jpg 683w, https:\/\/www.linneenne-amiens.org\/wp-content\/uploads\/2025\/09\/livre-de-vulgarisation_Les-champignons-redecouverts_Malagnac_Silar-200x300.jpg 200w, https:\/\/www.linneenne-amiens.org\/wp-content\/uploads\/2025\/09\/livre-de-vulgarisation_Les-champignons-redecouverts_Malagnac_Silar-768x1151.jpg 768w, https:\/\/www.linneenne-amiens.org\/wp-content\/uploads\/2025\/09\/livre-de-vulgarisation_Les-champignons-redecouverts_Malagnac_Silar-1025x1536.jpg 1025w, https:\/\/www.linneenne-amiens.org\/wp-content\/uploads\/2025\/09\/livre-de-vulgarisation_Les-champignons-redecouverts_Malagnac_Silar-1367x2048.jpg 1367w, https:\/\/www.linneenne-amiens.org\/wp-content\/uploads\/2025\/09\/livre-de-vulgarisation_Les-champignons-redecouverts_Malagnac_Silar-scaled.jpg 1708w\" sizes=\"auto, (max-width: 683px) 100vw, 683px\" \/><\/a><figcaption class=\"wp-element-caption\">Les champignons red\u00e9couverts &#8211; P. Silar et F. Malagnac<\/figcaption><\/figure>\n<\/figure>\n\n\n\n<hr class=\"wp-block-separator has-alpha-channel-opacity\"\/>\n\n\n\n<h2 class=\"wp-block-heading\">Les livres pour enfants<\/h2>\n\n\n\n<figure class=\"wp-block-gallery has-nested-images columns-default is-cropped wp-block-gallery-3 is-layout-flex wp-block-gallery-is-layout-flex\">\n<figure class=\"wp-block-image size-large\"><a href=\"https:\/\/www.linneenne-amiens.org\/wp-content\/uploads\/2025\/09\/livre-enfant_Maintenant-que-tu-sais_Crausaz-scaled.jpg\"><img loading=\"lazy\" decoding=\"async\" width=\"842\" height=\"1024\" data-id=\"3166\" src=\"https:\/\/www.linneenne-amiens.org\/wp-content\/uploads\/2025\/09\/livre-enfant_Maintenant-que-tu-sais_Crausaz-842x1024.jpg\" alt=\"\" class=\"wp-image-3166\" srcset=\"https:\/\/www.linneenne-amiens.org\/wp-content\/uploads\/2025\/09\/livre-enfant_Maintenant-que-tu-sais_Crausaz-842x1024.jpg 842w, https:\/\/www.linneenne-amiens.org\/wp-content\/uploads\/2025\/09\/livre-enfant_Maintenant-que-tu-sais_Crausaz-247x300.jpg 247w, https:\/\/www.linneenne-amiens.org\/wp-content\/uploads\/2025\/09\/livre-enfant_Maintenant-que-tu-sais_Crausaz-768x934.jpg 768w, https:\/\/www.linneenne-amiens.org\/wp-content\/uploads\/2025\/09\/livre-enfant_Maintenant-que-tu-sais_Crausaz-1263x1536.jpg 1263w, https:\/\/www.linneenne-amiens.org\/wp-content\/uploads\/2025\/09\/livre-enfant_Maintenant-que-tu-sais_Crausaz-1684x2048.jpg 1684w\" sizes=\"auto, (max-width: 842px) 100vw, 842px\" \/><\/a><figcaption class=\"wp-element-caption\">Maintenant que tu sais &#8211; Anne Crausaz \u00e9ditions MeMo<\/figcaption><\/figure>\n\n\n\n<figure class=\"wp-block-image size-large\"><a href=\"https:\/\/www.linneenne-amiens.org\/wp-content\/uploads\/2025\/09\/livre-enfant_Le-concert-dans-la-foret_Filep-scaled.jpg\"><img loading=\"lazy\" decoding=\"async\" width=\"706\" height=\"1024\" data-id=\"3165\" src=\"https:\/\/www.linneenne-amiens.org\/wp-content\/uploads\/2025\/09\/livre-enfant_Le-concert-dans-la-foret_Filep-706x1024.jpg\" alt=\"\" class=\"wp-image-3165\" srcset=\"https:\/\/www.linneenne-amiens.org\/wp-content\/uploads\/2025\/09\/livre-enfant_Le-concert-dans-la-foret_Filep-706x1024.jpg 706w, https:\/\/www.linneenne-amiens.org\/wp-content\/uploads\/2025\/09\/livre-enfant_Le-concert-dans-la-foret_Filep-207x300.jpg 207w, https:\/\/www.linneenne-amiens.org\/wp-content\/uploads\/2025\/09\/livre-enfant_Le-concert-dans-la-foret_Filep-768x1115.jpg 768w, https:\/\/www.linneenne-amiens.org\/wp-content\/uploads\/2025\/09\/livre-enfant_Le-concert-dans-la-foret_Filep-1058x1536.jpg 1058w, https:\/\/www.linneenne-amiens.org\/wp-content\/uploads\/2025\/09\/livre-enfant_Le-concert-dans-la-foret_Filep-1411x2048.jpg 1411w, https:\/\/www.linneenne-amiens.org\/wp-content\/uploads\/2025\/09\/livre-enfant_Le-concert-dans-la-foret_Filep-scaled.jpg 1764w\" sizes=\"auto, (max-width: 706px) 100vw, 706px\" \/><\/a><figcaption class=\"wp-element-caption\">Le concert dans la for\u00eat &#8211; Evelyn Filep<\/figcaption><\/figure>\n<\/figure>\n","protected":false},"excerpt":{"rendered":"<p>Retrouvez ici les diff\u00e9rents guides, livre de vulgarisation et livres pour enfants concernant la mycologie. Les guides Les livres de vulgarisation Les livres pour enfants<\/p>\n","protected":false},"author":1,"featured_media":3169,"parent":0,"menu_order":0,"comment_status":"closed","ping_status":"closed","template":"","meta":{"footnotes":""},"class_list":["post-3168","page","type-page","status-publish","has-post-thumbnail","hentry"],"yoast_head":"<!-- This site is optimized with the Yoast SEO plugin v27.5 - https:\/\/yoast.com\/product\/yoast-seo-wordpress\/ -->\n<title>Bibliographie - Mycologie - Soci\u00e9t\u00e9 linn\u00e9enne Nord-Picardie<\/title>\n<meta name=\"robots\" content=\"index, follow, max-snippet:-1, max-image-preview:large, max-video-preview:-1\" \/>\n<link rel=\"canonical\" href=\"https:\/\/www.linneenne-amiens.org\/?page_id=3168\" \/>\n<meta property=\"og:locale\" content=\"fr_FR\" \/>\n<meta property=\"og:type\" content=\"article\" \/>\n<meta property=\"og:title\" content=\"Bibliographie - Mycologie - Soci\u00e9t\u00e9 linn\u00e9enne Nord-Picardie\" \/>\n<meta property=\"og:description\" content=\"Retrouvez ici les diff\u00e9rents guides, livre de vulgarisation et livres pour enfants concernant la mycologie. Les guides Les livres de vulgarisation Les livres pour enfants\" \/>\n<meta property=\"og:url\" content=\"https:\/\/www.linneenne-amiens.org\/?page_id=3168\" \/>\n<meta property=\"og:site_name\" content=\"Soci\u00e9t\u00e9 linn\u00e9enne Nord-Picardie\" \/>\n<meta property=\"article:publisher\" content=\"https:\/\/www.facebook.com\/slnp80\" \/>\n<meta property=\"article:modified_time\" content=\"2025-09-24T09:32:28+00:00\" \/>\n<meta property=\"og:image\" content=\"https:\/\/www.linneenne-amiens.org\/wp-content\/uploads\/2025\/09\/knowledge-1052013_1920-e1758705927936.jpg\" \/>\n\t<meta property=\"og:image:width\" content=\"1747\" \/>\n\t<meta property=\"og:image:height\" content=\"765\" \/>\n\t<meta property=\"og:image:type\" content=\"image\/jpeg\" \/>\n<meta name=\"twitter:label1\" content=\"Dur\u00e9e de lecture estim\u00e9e\" \/>\n\t<meta name=\"twitter:data1\" content=\"3 minutes\" \/>\n<script type=\"application\/ld+json\" class=\"yoast-schema-graph\">{\"@context\":\"https:\\\/\\\/schema.org\",\"@graph\":[{\"@type\":\"WebPage\",\"@id\":\"https:\\\/\\\/www.linneenne-amiens.org\\\/?page_id=3168\",\"url\":\"https:\\\/\\\/www.linneenne-amiens.org\\\/?page_id=3168\",\"name\":\"Bibliographie - Mycologie - Soci\u00e9t\u00e9 linn\u00e9enne Nord-Picardie\",\"isPartOf\":{\"@id\":\"https:\\\/\\\/www.linneenne-amiens.org\\\/#website\"},\"primaryImageOfPage\":{\"@id\":\"https:\\\/\\\/www.linneenne-amiens.org\\\/?page_id=3168#primaryimage\"},\"image\":{\"@id\":\"https:\\\/\\\/www.linneenne-amiens.org\\\/?page_id=3168#primaryimage\"},\"thumbnailUrl\":\"https:\\\/\\\/www.linneenne-amiens.org\\\/wp-content\\\/uploads\\\/2025\\\/09\\\/knowledge-1052013_1920-e1758705927936.jpg\",\"datePublished\":\"2025-09-24T09:19:17+00:00\",\"dateModified\":\"2025-09-24T09:32:28+00:00\",\"breadcrumb\":{\"@id\":\"https:\\\/\\\/www.linneenne-amiens.org\\\/?page_id=3168#breadcrumb\"},\"inLanguage\":\"fr-FR\",\"potentialAction\":[{\"@type\":\"ReadAction\",\"target\":[\"https:\\\/\\\/www.linneenne-amiens.org\\\/?page_id=3168\"]}]},{\"@type\":\"ImageObject\",\"inLanguage\":\"fr-FR\",\"@id\":\"https:\\\/\\\/www.linneenne-amiens.org\\\/?page_id=3168#primaryimage\",\"url\":\"https:\\\/\\\/www.linneenne-amiens.org\\\/wp-content\\\/uploads\\\/2025\\\/09\\\/knowledge-1052013_1920-e1758705927936.jpg\",\"contentUrl\":\"https:\\\/\\\/www.linneenne-amiens.org\\\/wp-content\\\/uploads\\\/2025\\\/09\\\/knowledge-1052013_1920-e1758705927936.jpg\",\"width\":1747,\"height\":765},{\"@type\":\"BreadcrumbList\",\"@id\":\"https:\\\/\\\/www.linneenne-amiens.org\\\/?page_id=3168#breadcrumb\",\"itemListElement\":[{\"@type\":\"ListItem\",\"position\":1,\"name\":\"Accueil\",\"item\":\"https:\\\/\\\/www.linneenne-amiens.org\\\/\"},{\"@type\":\"ListItem\",\"position\":2,\"name\":\"Bibliographie &#8211; Mycologie\"}]},{\"@type\":\"WebSite\",\"@id\":\"https:\\\/\\\/www.linneenne-amiens.org\\\/#website\",\"url\":\"https:\\\/\\\/www.linneenne-amiens.org\\\/\",\"name\":\"Soci\u00e9t\u00e9 Linn\u00e9enne Nord-Picardie\",\"description\":\"A la d\u00e9couverte des sciences de la nature !\",\"publisher\":{\"@id\":\"https:\\\/\\\/www.linneenne-amiens.org\\\/#organization\"},\"potentialAction\":[{\"@type\":\"SearchAction\",\"target\":{\"@type\":\"EntryPoint\",\"urlTemplate\":\"https:\\\/\\\/www.linneenne-amiens.org\\\/?s={search_term_string}\"},\"query-input\":{\"@type\":\"PropertyValueSpecification\",\"valueRequired\":true,\"valueName\":\"search_term_string\"}}],\"inLanguage\":\"fr-FR\"},{\"@type\":\"Organization\",\"@id\":\"https:\\\/\\\/www.linneenne-amiens.org\\\/#organization\",\"name\":\"Soci\u00e9t\u00e9 Linn\u00e9enne Nord-Picardie\",\"url\":\"https:\\\/\\\/www.linneenne-amiens.org\\\/\",\"logo\":{\"@type\":\"ImageObject\",\"inLanguage\":\"fr-FR\",\"@id\":\"https:\\\/\\\/www.linneenne-amiens.org\\\/#\\\/schema\\\/logo\\\/image\\\/\",\"url\":\"https:\\\/\\\/www.linneenne-amiens.org\\\/wp-content\\\/uploads\\\/2025\\\/07\\\/cropped-logo-entete.png\",\"contentUrl\":\"https:\\\/\\\/www.linneenne-amiens.org\\\/wp-content\\\/uploads\\\/2025\\\/07\\\/cropped-logo-entete.png\",\"width\":128,\"height\":113,\"caption\":\"Soci\u00e9t\u00e9 Linn\u00e9enne Nord-Picardie\"},\"image\":{\"@id\":\"https:\\\/\\\/www.linneenne-amiens.org\\\/#\\\/schema\\\/logo\\\/image\\\/\"},\"sameAs\":[\"https:\\\/\\\/www.facebook.com\\\/slnp80\"]}]}<\/script>\n<!-- \/ Yoast SEO plugin. -->","yoast_head_json":{"title":"Bibliographie - Mycologie - Soci\u00e9t\u00e9 linn\u00e9enne Nord-Picardie","robots":{"index":"index","follow":"follow","max-snippet":"max-snippet:-1","max-image-preview":"max-image-preview:large","max-video-preview":"max-video-preview:-1"},"canonical":"https:\/\/www.linneenne-amiens.org\/?page_id=3168","og_locale":"fr_FR","og_type":"article","og_title":"Bibliographie - Mycologie - Soci\u00e9t\u00e9 linn\u00e9enne Nord-Picardie","og_description":"Retrouvez ici les diff\u00e9rents guides, livre de vulgarisation et livres pour enfants concernant la mycologie. Les guides Les livres de vulgarisation Les livres pour enfants","og_url":"https:\/\/www.linneenne-amiens.org\/?page_id=3168","og_site_name":"Soci\u00e9t\u00e9 linn\u00e9enne Nord-Picardie","article_publisher":"https:\/\/www.facebook.com\/slnp80","article_modified_time":"2025-09-24T09:32:28+00:00","og_image":[{"width":1747,"height":765,"url":"https:\/\/www.linneenne-amiens.org\/wp-content\/uploads\/2025\/09\/knowledge-1052013_1920-e1758705927936.jpg","type":"image\/jpeg"}],"twitter_misc":{"Dur\u00e9e de lecture estim\u00e9e":"3 minutes"},"schema":{"@context":"https:\/\/schema.org","@graph":[{"@type":"WebPage","@id":"https:\/\/www.linneenne-amiens.org\/?page_id=3168","url":"https:\/\/www.linneenne-amiens.org\/?page_id=3168","name":"Bibliographie - Mycologie - Soci\u00e9t\u00e9 linn\u00e9enne Nord-Picardie","isPartOf":{"@id":"https:\/\/www.linneenne-amiens.org\/#website"},"primaryImageOfPage":{"@id":"https:\/\/www.linneenne-amiens.org\/?page_id=3168#primaryimage"},"image":{"@id":"https:\/\/www.linneenne-amiens.org\/?page_id=3168#primaryimage"},"thumbnailUrl":"https:\/\/www.linneenne-amiens.org\/wp-content\/uploads\/2025\/09\/knowledge-1052013_1920-e1758705927936.jpg","datePublished":"2025-09-24T09:19:17+00:00","dateModified":"2025-09-24T09:32:28+00:00","breadcrumb":{"@id":"https:\/\/www.linneenne-amiens.org\/?page_id=3168#breadcrumb"},"inLanguage":"fr-FR","potentialAction":[{"@type":"ReadAction","target":["https:\/\/www.linneenne-amiens.org\/?page_id=3168"]}]},{"@type":"ImageObject","inLanguage":"fr-FR","@id":"https:\/\/www.linneenne-amiens.org\/?page_id=3168#primaryimage","url":"https:\/\/www.linneenne-amiens.org\/wp-content\/uploads\/2025\/09\/knowledge-1052013_1920-e1758705927936.jpg","contentUrl":"https:\/\/www.linneenne-amiens.org\/wp-content\/uploads\/2025\/09\/knowledge-1052013_1920-e1758705927936.jpg","width":1747,"height":765},{"@type":"BreadcrumbList","@id":"https:\/\/www.linneenne-amiens.org\/?page_id=3168#breadcrumb","itemListElement":[{"@type":"ListItem","position":1,"name":"Accueil","item":"https:\/\/www.linneenne-amiens.org\/"},{"@type":"ListItem","position":2,"name":"Bibliographie &#8211; Mycologie"}]},{"@type":"WebSite","@id":"https:\/\/www.linneenne-amiens.org\/#website","url":"https:\/\/www.linneenne-amiens.org\/","name":"Soci\u00e9t\u00e9 Linn\u00e9enne Nord-Picardie","description":"A la d\u00e9couverte des sciences de la nature !","publisher":{"@id":"https:\/\/www.linneenne-amiens.org\/#organization"},"potentialAction":[{"@type":"SearchAction","target":{"@type":"EntryPoint","urlTemplate":"https:\/\/www.linneenne-amiens.org\/?s={search_term_string}"},"query-input":{"@type":"PropertyValueSpecification","valueRequired":true,"valueName":"search_term_string"}}],"inLanguage":"fr-FR"},{"@type":"Organization","@id":"https:\/\/www.linneenne-amiens.org\/#organization","name":"Soci\u00e9t\u00e9 Linn\u00e9enne Nord-Picardie","url":"https:\/\/www.linneenne-amiens.org\/","logo":{"@type":"ImageObject","inLanguage":"fr-FR","@id":"https:\/\/www.linneenne-amiens.org\/#\/schema\/logo\/image\/","url":"https:\/\/www.linneenne-amiens.org\/wp-content\/uploads\/2025\/07\/cropped-logo-entete.png","contentUrl":"https:\/\/www.linneenne-amiens.org\/wp-content\/uploads\/2025\/07\/cropped-logo-entete.png","width":128,"height":113,"caption":"Soci\u00e9t\u00e9 Linn\u00e9enne Nord-Picardie"},"image":{"@id":"https:\/\/www.linneenne-amiens.org\/#\/schema\/logo\/image\/"},"sameAs":["https:\/\/www.facebook.com\/slnp80"]}]}},"_links":{"self":[{"href":"https:\/\/www.linneenne-amiens.org\/index.php?rest_route=\/wp\/v2\/pages\/3168","targetHints":{"allow":["GET"]}}],"collection":[{"href":"https:\/\/www.linneenne-amiens.org\/index.php?rest_route=\/wp\/v2\/pages"}],"about":[{"href":"https:\/\/www.linneenne-amiens.org\/index.php?rest_route=\/wp\/v2\/types\/page"}],"author":[{"embeddable":true,"href":"https:\/\/www.linneenne-amiens.org\/index.php?rest_route=\/wp\/v2\/users\/1"}],"replies":[{"embeddable":true,"href":"https:\/\/www.linneenne-amiens.org\/index.php?rest_route=%2Fwp%2Fv2%2Fcomments&post=3168"}],"version-history":[{"count":2,"href":"https:\/\/www.linneenne-amiens.org\/index.php?rest_route=\/wp\/v2\/pages\/3168\/revisions"}],"predecessor-version":[{"id":3177,"href":"https:\/\/www.linneenne-amiens.org\/index.php?rest_route=\/wp\/v2\/pages\/3168\/revisions\/3177"}],"wp:featuredmedia":[{"embeddable":true,"href":"https:\/\/www.linneenne-amiens.org\/index.php?rest_route=\/wp\/v2\/media\/3169"}],"wp:attachment":[{"href":"https:\/\/www.linneenne-amiens.org\/index.php?rest_route=%2Fwp%2Fv2%2Fmedia&parent=3168"}],"curies":[{"name":"wp","href":"https:\/\/api.w.org\/{rel}","templated":true}]}}